{"id":411,"date":"2021-07-12T11:05:13","date_gmt":"2021-07-12T11:05:13","guid":{"rendered":"https:\/\/ipt-fiber.pl\/?page_id=411"},"modified":"2024-04-22T12:58:17","modified_gmt":"2024-04-22T12:58:17","slug":"blog","status":"publish","type":"page","link":"https:\/\/ipt-fiber.pl\/index.php\/blog\/","title":{"rendered":"Blog"},"content":{"rendered":"<ul class=\"wp-block-latest-posts__list has-dates wp-block-latest-posts\"><li><div class=\"wp-block-latest-posts__featured-image alignleft\"><img loading=\"lazy\" decoding=\"async\" width=\"300\" height=\"148\" src=\"https:\/\/ipt-fiber.pl\/wp-content\/uploads\/2022\/07\/2022_panel-300x148.png\" class=\"attachment-medium size-medium wp-post-image\" alt=\"\" style=\"\" srcset=\"https:\/\/ipt-fiber.pl\/wp-content\/uploads\/2022\/07\/2022_panel-300x148.png 300w, https:\/\/ipt-fiber.pl\/wp-content\/uploads\/2022\/07\/2022_panel-768x380.png 768w, https:\/\/ipt-fiber.pl\/wp-content\/uploads\/2022\/07\/2022_panel.png 833w\" sizes=\"auto, (max-width: 300px) 100vw, 300px\" \/><\/div><a class=\"wp-block-latest-posts__post-title\" href=\"https:\/\/ipt-fiber.pl\/index.php\/2022\/06\/21\/cyfryzacja-i-dywersyfikacja-szansa-dla-przemyslu-w-obliczu-wojny-w-ukrainie\/\">Cyfryzacja i dywersyfikacja szans\u0105 dla przemys\u0142u w obliczu wojny w Ukrainie<\/a><time datetime=\"2022-06-21T13:06:00+00:00\" class=\"wp-block-latest-posts__post-date\">21 czerwca, 2022<\/time><div class=\"wp-block-latest-posts__post-excerpt\">Polski przemys\u0142 znalaz\u0142 si\u0119&nbsp;w ca\u0142kowicie nowej sytuacji po wybuchu wojny w Ukrainie. Wzrost koszt\u00f3w energii, za\u0142amanie dotychczasowych \u0142a\u0144cuch\u00f3w dostaw, niedobory&hellip;<\/div><\/li>\n<li><div class=\"wp-block-latest-posts__featured-image alignleft\"><img loading=\"lazy\" decoding=\"async\" width=\"300\" height=\"148\" src=\"https:\/\/ipt-fiber.pl\/wp-content\/uploads\/2022\/05\/blog_telko-300x148.jpg\" class=\"attachment-medium size-medium wp-post-image\" alt=\"\" style=\"\" srcset=\"https:\/\/ipt-fiber.pl\/wp-content\/uploads\/2022\/05\/blog_telko-300x148.jpg 300w, https:\/\/ipt-fiber.pl\/wp-content\/uploads\/2022\/05\/blog_telko-768x380.jpg 768w, https:\/\/ipt-fiber.pl\/wp-content\/uploads\/2022\/05\/blog_telko.jpg 833w\" sizes=\"auto, (max-width: 300px) 100vw, 300px\" \/><\/div><a class=\"wp-block-latest-posts__post-title\" href=\"https:\/\/ipt-fiber.pl\/index.php\/2022\/05\/17\/o-nieustajacym-rozwoju-telekomunikacji\/\">O nieustaj\u0105cym rozwoju telekomunikacji<\/a><time datetime=\"2022-05-17T10:20:57+00:00\" class=\"wp-block-latest-posts__post-date\">17 maja, 2022<\/time><div class=\"wp-block-latest-posts__post-excerpt\">Mi\u0119dzynarodowy Dzie\u0144 Telekomunikacji, kt\u00f3ry przypada na 17 maja, upami\u0119tnia powstanie Mi\u0119dzynarodowego Zwi\u0105zku Telekomunikacyjnego (17 maja 1865 roku). Jest on dobr\u0105&hellip;<\/div><\/li>\n<li><div class=\"wp-block-latest-posts__featured-image alignleft\"><img loading=\"lazy\" decoding=\"async\" width=\"235\" height=\"164\" src=\"https:\/\/ipt-fiber.pl\/wp-content\/uploads\/2025\/04\/Obraz1.png\" class=\"attachment-medium size-medium wp-post-image\" alt=\"\" style=\"\" \/><\/div><a class=\"wp-block-latest-posts__post-title\" href=\"https:\/\/ipt-fiber.pl\/index.php\/2022\/01\/12\/noworoczne-podsumowanie\/\">Noworoczne podsumowanie<\/a><time datetime=\"2022-01-12T12:50:26+00:00\" class=\"wp-block-latest-posts__post-date\">12 stycznia, 2022<\/time><div class=\"wp-block-latest-posts__post-excerpt\">Szanowni Pa\u0144stwo, Koniec starego i pocz\u0105tek nowego roku jest czasem refleksji. To moment, by podsumowa\u0107 podj\u0119te dzia\u0142ania, przywo\u0142a\u0107 sukcesy oraz,&hellip;<\/div><\/li>\n<li><div class=\"wp-block-latest-posts__featured-image alignleft\"><img loading=\"lazy\" decoding=\"async\" width=\"300\" height=\"148\" src=\"https:\/\/ipt-fiber.pl\/wp-content\/uploads\/2021\/09\/blog_fttp-300x148.jpg\" class=\"attachment-medium size-medium wp-post-image\" alt=\"\" style=\"\" srcset=\"https:\/\/ipt-fiber.pl\/wp-content\/uploads\/2021\/09\/blog_fttp-300x148.jpg 300w, https:\/\/ipt-fiber.pl\/wp-content\/uploads\/2021\/09\/blog_fttp-768x380.jpg 768w, https:\/\/ipt-fiber.pl\/wp-content\/uploads\/2021\/09\/blog_fttp.jpg 833w\" sizes=\"auto, (max-width: 300px) 100vw, 300px\" \/><\/div><a class=\"wp-block-latest-posts__post-title\" href=\"https:\/\/ipt-fiber.pl\/index.php\/2021\/09\/28\/prognozy-swiatlowodowe-pomyslne-dla-ipt-fiber\/\">Prognozy \u015bwiat\u0142owodowe pomy\u015blne dla IPT Fiber<\/a><time datetime=\"2021-09-28T09:18:55+00:00\" class=\"wp-block-latest-posts__post-date\">28 wrze\u015bnia, 2021<\/time><div class=\"wp-block-latest-posts__post-excerpt\">Mo\u017cna si\u0119 spodziewa\u0107, \u017ce inwestycje \u015bwiat\u0142owodowe w Polsce w najbli\u017cszych latach mocno przyspiesz\u0105. Powa\u017cne plany w tym zakresie maj\u0105 dzia\u0142aj\u0105cy&hellip;<\/div><\/li>\n<li><div class=\"wp-block-latest-posts__featured-image alignleft\"><img loading=\"lazy\" decoding=\"async\" width=\"300\" height=\"148\" src=\"https:\/\/ipt-fiber.pl\/wp-content\/uploads\/2021\/09\/blog_karpacz-300x148.jpg\" class=\"attachment-medium size-medium wp-post-image\" alt=\"\" style=\"\" srcset=\"https:\/\/ipt-fiber.pl\/wp-content\/uploads\/2021\/09\/blog_karpacz-300x148.jpg 300w, https:\/\/ipt-fiber.pl\/wp-content\/uploads\/2021\/09\/blog_karpacz-768x380.jpg 768w, https:\/\/ipt-fiber.pl\/wp-content\/uploads\/2021\/09\/blog_karpacz.jpg 833w\" sizes=\"auto, (max-width: 300px) 100vw, 300px\" \/><\/div><a class=\"wp-block-latest-posts__post-title\" href=\"https:\/\/ipt-fiber.pl\/index.php\/2021\/09\/21\/palacy-problem-rozwoju-infrastruktury-telekomunikacyjnej\/\">Pal\u0105cy problem rozwoju infrastruktury telekomunikacyjnej<\/a><time datetime=\"2021-09-21T09:13:59+00:00\" class=\"wp-block-latest-posts__post-date\">21 wrze\u015bnia, 2021<\/time><div class=\"wp-block-latest-posts__post-excerpt\">Jeszcze kilka lat temu na bran\u017cowych konferencjach telekomunikacyjnych bardzo powa\u017cnie dyskutowano o tym, czy zwyk\u0142y u\u017cytkownik Internetu jest w stanie&hellip;<\/div><\/li>\n<li><div class=\"wp-block-latest-posts__featured-image alignleft\"><img loading=\"lazy\" decoding=\"async\" width=\"300\" height=\"148\" src=\"https:\/\/ipt-fiber.pl\/wp-content\/uploads\/2021\/09\/blog_infi-300x148.jpg\" class=\"attachment-medium size-medium wp-post-image\" alt=\"\" style=\"\" srcset=\"https:\/\/ipt-fiber.pl\/wp-content\/uploads\/2021\/09\/blog_infi-300x148.jpg 300w, https:\/\/ipt-fiber.pl\/wp-content\/uploads\/2021\/09\/blog_infi-768x380.jpg 768w, https:\/\/ipt-fiber.pl\/wp-content\/uploads\/2021\/09\/blog_infi.jpg 833w\" sizes=\"auto, (max-width: 300px) 100vw, 300px\" \/><\/div><a class=\"wp-block-latest-posts__post-title\" href=\"https:\/\/ipt-fiber.pl\/index.php\/2021\/09\/07\/nasz-swiatlowodowy-rekord-moze-byc-jeszcze-lepszy\/\">Nasz \u015bwiat\u0142owodowy rekord mo\u017ce by\u0107 jeszcze lepszy!<\/a><time datetime=\"2021-09-07T13:18:23+00:00\" class=\"wp-block-latest-posts__post-date\">7 wrze\u015bnia, 2021<\/time><div class=\"wp-block-latest-posts__post-excerpt\">Krzysztof Wito\u0144, prezes IPT Fiber podsumowuje testy siedmiordzeniowego \u015bwiat\u0142owodu rozwijanego przez grup\u0119 InPhoTech, kt\u00f3re zosta\u0142y przeprowadzone we wsp\u00f3\u0142pracy z Orange&hellip;<\/div><\/li>\n<li><div class=\"wp-block-latest-posts__featured-image alignleft\"><img loading=\"lazy\" decoding=\"async\" width=\"300\" height=\"148\" src=\"https:\/\/ipt-fiber.pl\/wp-content\/uploads\/2021\/08\/blog_media-1-300x148.jpg\" class=\"attachment-medium size-medium wp-post-image\" alt=\"\" style=\"\" srcset=\"https:\/\/ipt-fiber.pl\/wp-content\/uploads\/2021\/08\/blog_media-1-300x148.jpg 300w, https:\/\/ipt-fiber.pl\/wp-content\/uploads\/2021\/08\/blog_media-1-768x380.jpg 768w, https:\/\/ipt-fiber.pl\/wp-content\/uploads\/2021\/08\/blog_media-1.jpg 833w\" sizes=\"auto, (max-width: 300px) 100vw, 300px\" \/><\/div><a class=\"wp-block-latest-posts__post-title\" href=\"https:\/\/ipt-fiber.pl\/index.php\/2021\/08\/19\/media-o-testach-naszego-swiatlowodu-w-laboratorium-innowacji-orange-polska\/\">Media o testach naszego \u015bwiat\u0142owodu w Laboratorium Innowacji Orange Polska<\/a><time datetime=\"2021-08-19T12:27:15+00:00\" class=\"wp-block-latest-posts__post-date\">19 sierpnia, 2021<\/time><div class=\"wp-block-latest-posts__post-excerpt\">Wsp\u00f3lny komunikat naszej sp\u00f3\u0142ki, Orange Polska oraz firmy Infinera spotka\u0142 si\u0119 ze sporym zainteresowaniem krajowych i zagranicznych medi\u00f3w. Swoich czytelnik\u00f3w&hellip;<\/div><\/li>\n<li><div class=\"wp-block-latest-posts__featured-image alignleft\"><img loading=\"lazy\" decoding=\"async\" width=\"300\" height=\"148\" src=\"https:\/\/ipt-fiber.pl\/wp-content\/uploads\/2021\/07\/blog03-300x148.jpg\" class=\"attachment-medium size-medium wp-post-image\" alt=\"\" style=\"\" srcset=\"https:\/\/ipt-fiber.pl\/wp-content\/uploads\/2021\/07\/blog03-300x148.jpg 300w, https:\/\/ipt-fiber.pl\/wp-content\/uploads\/2021\/07\/blog03-768x380.jpg 768w, https:\/\/ipt-fiber.pl\/wp-content\/uploads\/2021\/07\/blog03.jpg 833w\" sizes=\"auto, (max-width: 300px) 100vw, 300px\" \/><\/div><a class=\"wp-block-latest-posts__post-title\" href=\"https:\/\/ipt-fiber.pl\/index.php\/2021\/07\/26\/przemysl-4-0\/\">Grupa InPhoTech gotowa do wspierania wdro\u017ce\u0144 z obszaru Przemys\u0142u 4.0<\/a><time datetime=\"2021-07-26T09:14:31+00:00\" class=\"wp-block-latest-posts__post-date\">26 lipca, 2021<\/time><div class=\"wp-block-latest-posts__post-excerpt\">Przemys\u0142 4.0 to has\u0142o, kt\u00f3re od dawna pojawia si\u0119 w dyskusjach na temat przysz\u0142o\u015bci, ku kt\u00f3rej zmierza obecnie gospodarka. Nikt&hellip;<\/div><\/li>\n<li><div class=\"wp-block-latest-posts__featured-image alignleft\"><img loading=\"lazy\" decoding=\"async\" width=\"300\" height=\"148\" src=\"https:\/\/ipt-fiber.pl\/wp-content\/uploads\/2020\/04\/news04a-300x148.jpg\" class=\"attachment-medium size-medium wp-post-image\" alt=\"\" style=\"\" srcset=\"https:\/\/ipt-fiber.pl\/wp-content\/uploads\/2020\/04\/news04a-300x148.jpg 300w, https:\/\/ipt-fiber.pl\/wp-content\/uploads\/2020\/04\/news04a-768x380.jpg 768w, https:\/\/ipt-fiber.pl\/wp-content\/uploads\/2020\/04\/news04a.jpg 833w\" sizes=\"auto, (max-width: 300px) 100vw, 300px\" \/><\/div><a class=\"wp-block-latest-posts__post-title\" href=\"https:\/\/ipt-fiber.pl\/index.php\/2021\/07\/15\/w-wyscigu-po-innowacje\/\">W wy\u015bcigu po innowacje<\/a><time datetime=\"2021-07-15T11:47:00+00:00\" class=\"wp-block-latest-posts__post-date\">15 lipca, 2021<\/time><div class=\"wp-block-latest-posts__post-excerpt\">W Europejskim Rankingu Innowacyjno\u015bci 2020 (European Innovation Scoreboard) Polska pozostaje krajem okre\u015blanym mianem \u201emoderate innovator\u201d, ze wska\u017anikiem innowacyjno\u015bci wynosz\u0105cym 64,1%&hellip;<\/div><\/li>\n<li><div class=\"wp-block-latest-posts__featured-image alignleft\"><img loading=\"lazy\" decoding=\"async\" width=\"300\" height=\"148\" src=\"https:\/\/ipt-fiber.pl\/wp-content\/uploads\/2021\/06\/blog01-300x148.jpg\" class=\"attachment-medium size-medium wp-post-image\" alt=\"\" style=\"\" srcset=\"https:\/\/ipt-fiber.pl\/wp-content\/uploads\/2021\/06\/blog01-300x148.jpg 300w, https:\/\/ipt-fiber.pl\/wp-content\/uploads\/2021\/06\/blog01-768x380.jpg 768w, https:\/\/ipt-fiber.pl\/wp-content\/uploads\/2021\/06\/blog01.jpg 833w\" sizes=\"auto, (max-width: 300px) 100vw, 300px\" \/><\/div><a class=\"wp-block-latest-posts__post-title\" href=\"https:\/\/ipt-fiber.pl\/index.php\/2021\/07\/12\/wywiad-z-prezesem\/\">W IPT Fiber b\u0119dziemy godzi\u0107 wod\u0119 z ogniem, czyli cele badawczo-rozwojowe z biznesowymi<\/a><time datetime=\"2021-07-12T09:12:00+00:00\" class=\"wp-block-latest-posts__post-date\">12 lipca, 2021<\/time><div class=\"wp-block-latest-posts__post-excerpt\">Krzysztof Wito\u0144, kt\u00f3ry w kwietniu obj\u0105\u0142 funkcj\u0119 prezesa IPT Fiber i ma m.in. pokierowa\u0107 procesem uruchomienia produkcji polskich \u015bwiat\u0142owod\u00f3w wielordzeniowych,&hellip;<\/div><\/li>\n<\/ul>","protected":false},"excerpt":{"rendered":"","protected":false},"author":2,"featured_media":0,"parent":0,"menu_order":0,"comment_status":"closed","ping_status":"closed","template":"onepage.php","meta":{"footnotes":""},"class_list":["post-411","page","type-page","status-publish","hentry"],"_links":{"self":[{"href":"https:\/\/ipt-fiber.pl\/index.php\/wp-json\/wp\/v2\/pages\/411","targetHints":{"allow":["GET"]}}],"collection":[{"href":"https:\/\/ipt-fiber.pl\/index.php\/wp-json\/wp\/v2\/pages"}],"about":[{"href":"https:\/\/ipt-fiber.pl\/index.php\/wp-json\/wp\/v2\/types\/page"}],"author":[{"embeddable":true,"href":"https:\/\/ipt-fiber.pl\/index.php\/wp-json\/wp\/v2\/users\/2"}],"replies":[{"embeddable":true,"href":"https:\/\/ipt-fiber.pl\/index.php\/wp-json\/wp\/v2\/comments?post=411"}],"version-history":[{"count":3,"href":"https:\/\/ipt-fiber.pl\/index.php\/wp-json\/wp\/v2\/pages\/411\/revisions"}],"predecessor-version":[{"id":495,"href":"https:\/\/ipt-fiber.pl\/index.php\/wp-json\/wp\/v2\/pages\/411\/revisions\/495"}],"wp:attachment":[{"href":"https:\/\/ipt-fiber.pl\/index.php\/wp-json\/wp\/v2\/media?parent=411"}],"curies":[{"name":"wp","href":"https:\/\/api.w.org\/{rel}","templated":true}]}}