{"id":399,"date":"2021-07-12T10:16:00","date_gmt":"2021-07-12T10:16:00","guid":{"rendered":"https:\/\/ipt-fiber.pl\/?page_id=399"},"modified":"2021-07-12T11:00:07","modified_gmt":"2021-07-12T11:00:07","slug":"newsy","status":"publish","type":"page","link":"https:\/\/ipt-fiber.pl\/index.php\/newsy\/","title":{"rendered":"Newsy"},"content":{"rendered":"<ul class=\"wp-block-latest-posts__list has-dates alignright wp-block-latest-posts\"><li><div class=\"wp-block-latest-posts__featured-image alignleft\"><img loading=\"lazy\" decoding=\"async\" width=\"200\" height=\"200\" src=\"https:\/\/ipt-fiber.pl\/wp-content\/uploads\/2025\/04\/1630651022389.jpg\" class=\"attachment-medium size-medium wp-post-image\" alt=\"\" style=\"\" srcset=\"https:\/\/ipt-fiber.pl\/wp-content\/uploads\/2025\/04\/1630651022389.jpg 200w, https:\/\/ipt-fiber.pl\/wp-content\/uploads\/2025\/04\/1630651022389-150x150.jpg 150w\" sizes=\"auto, (max-width: 200px) 100vw, 200px\" \/><\/div><a class=\"wp-block-latest-posts__post-title\" href=\"https:\/\/ipt-fiber.pl\/index.php\/2025\/04\/17\/oferta-pracy-specjalista-ds-technologii-swiatlowodowych\/\">Oferta pracy na stanowisko &#8211; Specjalista ds. Technologii \u015awiat\u0142owodowych<\/a><time datetime=\"2025-04-17T12:22:05+00:00\" class=\"wp-block-latest-posts__post-date\">17 kwietnia, 2025<\/time><div class=\"wp-block-latest-posts__post-excerpt\">17.04.2025 OFERTA PRACY Stanowisko: Specjalista ds. Technologii \u015awiat\u0142owodowych IPT Fiber poszukuje os\u00f3b do pracy w nowoczesnym Centrum Badawczo-Rozwojowym w Lubartowie.&hellip;<\/div><\/li>\n<li><div class=\"wp-block-latest-posts__featured-image alignleft\"><img loading=\"lazy\" decoding=\"async\" width=\"200\" height=\"200\" src=\"https:\/\/ipt-fiber.pl\/wp-content\/uploads\/2025\/04\/1630651022389-1.jpg\" class=\"attachment-medium size-medium wp-post-image\" alt=\"\" style=\"\" srcset=\"https:\/\/ipt-fiber.pl\/wp-content\/uploads\/2025\/04\/1630651022389-1.jpg 200w, https:\/\/ipt-fiber.pl\/wp-content\/uploads\/2025\/04\/1630651022389-1-150x150.jpg 150w\" sizes=\"auto, (max-width: 200px) 100vw, 200px\" \/><\/div><a class=\"wp-block-latest-posts__post-title\" href=\"https:\/\/ipt-fiber.pl\/index.php\/2025\/04\/17\/oferta-pracy-na-stanowisko-specjalista-w-dziale-badan-i-rozwoju\/\">Oferta pracy na stanowisko &#8211; Specjalista w dziale bada\u0144 i rozwoju<\/a><time datetime=\"2025-04-17T12:16:56+00:00\" class=\"wp-block-latest-posts__post-date\">17 kwietnia, 2025<\/time><div class=\"wp-block-latest-posts__post-excerpt\">17.04.2025 OFERTA PRACY Stanowisko: Specjalista w dziale bada\u0144 i rozwoju IPT Fiber poszukuje os\u00f3b do pracy w nowoczesnym Centrum Badawczo-Rozwojowym&hellip;<\/div><\/li>\n<li><div class=\"wp-block-latest-posts__featured-image alignleft\"><img loading=\"lazy\" decoding=\"async\" width=\"300\" height=\"150\" src=\"https:\/\/ipt-fiber.pl\/wp-content\/uploads\/2023\/07\/202307_lodo_rm-1-300x150.jpg\" class=\"attachment-medium size-medium wp-post-image\" alt=\"\" style=\"\" srcset=\"https:\/\/ipt-fiber.pl\/wp-content\/uploads\/2023\/07\/202307_lodo_rm-1-300x150.jpg 300w, https:\/\/ipt-fiber.pl\/wp-content\/uploads\/2023\/07\/202307_lodo_rm-1.jpg 358w\" sizes=\"auto, (max-width: 300px) 100vw, 300px\" \/><\/div><a class=\"wp-block-latest-posts__post-title\" href=\"https:\/\/ipt-fiber.pl\/index.php\/2023\/06\/19\/research-and-markets-publikuje-nowy-raport-ipt-fiber-w-gronie-kluczowych-firm\/\">Research and Markets publikuje nowy raport. IPT Fiber w gronie kluczowych firm<\/a><time datetime=\"2023-06-19T11:12:08+00:00\" class=\"wp-block-latest-posts__post-date\">19 czerwca, 2023<\/time><div class=\"wp-block-latest-posts__post-excerpt\">Research and Markets w swoim najnowszym raporcie &#8220;Global Next-Generation Optical Fiber (Multicore and Hollow Core Fiber) Markets\u201d wymienia sp\u00f3\u0142k\u0119 IPT&hellip;<\/div><\/li>\n<li><div class=\"wp-block-latest-posts__featured-image alignleft\"><img loading=\"lazy\" decoding=\"async\" width=\"300\" height=\"148\" src=\"https:\/\/ipt-fiber.pl\/wp-content\/uploads\/2023\/05\/okladka-300x148.png\" class=\"attachment-medium size-medium wp-post-image\" alt=\"\" style=\"\" srcset=\"https:\/\/ipt-fiber.pl\/wp-content\/uploads\/2023\/05\/okladka-300x148.png 300w, https:\/\/ipt-fiber.pl\/wp-content\/uploads\/2023\/05\/okladka-768x380.png 768w, https:\/\/ipt-fiber.pl\/wp-content\/uploads\/2023\/05\/okladka.png 833w\" sizes=\"auto, (max-width: 300px) 100vw, 300px\" \/><\/div><a class=\"wp-block-latest-posts__post-title\" href=\"https:\/\/ipt-fiber.pl\/index.php\/2023\/05\/10\/kamien-wegielny-wmurowany\/\">Kamie\u0144 w\u0119gielny wmurowany. STRABAG rozpoczyna budow\u0119 Centrum Badawczo-Rozwojowego Technologii \u015awiat\u0142owodowych dla Przemys\u0142u firmy IPT Fiber<\/a><time datetime=\"2023-05-10T09:50:47+00:00\" class=\"wp-block-latest-posts__post-date\">10 maja, 2023<\/time><div class=\"wp-block-latest-posts__post-excerpt\">Z udzia\u0142em marsza\u0142ka wojew\u00f3dztwa lubelskiego Jaros\u0142awa Stawiarskiego, przedstawicieli w\u0142adz lokalnych oraz reprezentant\u00f3w \u015bwiata nauki i biznesu, 9 maja 2023 roku&hellip;<\/div><\/li>\n<li><div class=\"wp-block-latest-posts__featured-image alignleft\"><img loading=\"lazy\" decoding=\"async\" width=\"300\" height=\"153\" src=\"https:\/\/ipt-fiber.pl\/wp-content\/uploads\/2023\/02\/Zdj\u0119cie_2-e1681801684874-300x153.jpg\" class=\"attachment-medium size-medium wp-post-image\" alt=\"\" style=\"\" srcset=\"https:\/\/ipt-fiber.pl\/wp-content\/uploads\/2023\/02\/Zdj\u0119cie_2-e1681801684874-300x153.jpg 300w, https:\/\/ipt-fiber.pl\/wp-content\/uploads\/2023\/02\/Zdj\u0119cie_2-e1681801684874.jpg 677w\" sizes=\"auto, (max-width: 300px) 100vw, 300px\" \/><\/div><a class=\"wp-block-latest-posts__post-title\" href=\"https:\/\/ipt-fiber.pl\/index.php\/2023\/02\/15\/spotkanie-z-ministrem-waldemarem-buda-krzysztof-witon-ambasadorem-innowacyjnosci-klastra-fotoniki-i-swiatlowodow\/\">Spotkanie z ministrem Waldemarem Bud\u0105. Krzysztof Wito\u0144 Ambasadorem Innowacyjno\u015bci Klastra Fotoniki i \u015awiat\u0142owod\u00f3w<\/a><time datetime=\"2023-02-15T08:54:31+00:00\" class=\"wp-block-latest-posts__post-date\">15 lutego, 2023<\/time><div class=\"wp-block-latest-posts__post-excerpt\">W uznaniu zas\u0142ug na rzecz rozwoju polskiej bran\u017cy \u015bwiat\u0142owodowej oraz ogromnego do\u015bwiadczenia mi\u0119dzynarodowego Krzysztof Wito\u0144 zosta\u0142 Ambasadorem Innowacyjno\u015bci Klastra Fotoniki&hellip;<\/div><\/li>\n<li><div class=\"wp-block-latest-posts__featured-image alignleft\"><img loading=\"lazy\" decoding=\"async\" width=\"300\" height=\"148\" src=\"https:\/\/ipt-fiber.pl\/wp-content\/uploads\/2022\/08\/202208_wbicielopaty-300x148.png\" class=\"attachment-medium size-medium wp-post-image\" alt=\"\" style=\"\" srcset=\"https:\/\/ipt-fiber.pl\/wp-content\/uploads\/2022\/08\/202208_wbicielopaty-300x148.png 300w, https:\/\/ipt-fiber.pl\/wp-content\/uploads\/2022\/08\/202208_wbicielopaty-768x380.png 768w, https:\/\/ipt-fiber.pl\/wp-content\/uploads\/2022\/08\/202208_wbicielopaty.png 833w\" sizes=\"auto, (max-width: 300px) 100vw, 300px\" \/><\/div><a class=\"wp-block-latest-posts__post-title\" href=\"https:\/\/ipt-fiber.pl\/index.php\/2022\/08\/31\/wbicie-lopaty-w-lubartowie\/\">Kluczowy moment w procesie komercjalizacji polskich \u015bwiat\u0142owod\u00f3w wielordzeniowych. W Lubartowie rusza budowa Centrum Badawczo-Rozwojowego Technologii \u015awiat\u0142owodowych dla Przemys\u0142u<\/a><time datetime=\"2022-08-31T11:08:43+00:00\" class=\"wp-block-latest-posts__post-date\">31 sierpnia, 2022<\/time><div class=\"wp-block-latest-posts__post-excerpt\">Z udzia\u0142em przedstawicieli w\u0142adz oraz reprezentant\u00f3w \u015bwiata nauki i biznesu 30 sierpnia w Lubartowie odby\u0142a si\u0119 uroczysta inauguracja budowy Centrum&hellip;<\/div><\/li>\n<li><div class=\"wp-block-latest-posts__featured-image alignleft\"><img loading=\"lazy\" decoding=\"async\" width=\"300\" height=\"148\" src=\"https:\/\/ipt-fiber.pl\/wp-content\/uploads\/2022\/08\/202208-news-300x148.png\" class=\"attachment-medium size-medium wp-post-image\" alt=\"\" style=\"\" srcset=\"https:\/\/ipt-fiber.pl\/wp-content\/uploads\/2022\/08\/202208-news-300x148.png 300w, https:\/\/ipt-fiber.pl\/wp-content\/uploads\/2022\/08\/202208-news-768x380.png 768w, https:\/\/ipt-fiber.pl\/wp-content\/uploads\/2022\/08\/202208-news.png 833w\" sizes=\"auto, (max-width: 300px) 100vw, 300px\" \/><\/div><a class=\"wp-block-latest-posts__post-title\" href=\"https:\/\/ipt-fiber.pl\/index.php\/2022\/08\/23\/bezinwazyjna-modernizacja-sieci\/\">Sukces polskich in\u017cynier\u00f3w. Bezinwazyjna modernizacja sieci telekomunikacyjnych na wyci\u0105gni\u0119cie r\u0119ki<\/a><time datetime=\"2022-08-23T09:39:28+00:00\" class=\"wp-block-latest-posts__post-date\">23 sierpnia, 2022<\/time><div class=\"wp-block-latest-posts__post-excerpt\">Monta\u017c niewielkiego urz\u0105dzenia zamiast kosztownego remontu z wymian\u0105 kabli oraz instalacji \u2013 taka bezinwazyjna perspektywa modernizacji sieci telekomunikacyjnych jest mo\u017cliwa&hellip;<\/div><\/li>\n<li><div class=\"wp-block-latest-posts__featured-image alignleft\"><img loading=\"lazy\" decoding=\"async\" width=\"300\" height=\"148\" src=\"https:\/\/ipt-fiber.pl\/wp-content\/uploads\/2021\/09\/news_karpacz-300x148.jpg\" class=\"attachment-medium size-medium wp-post-image\" alt=\"\" style=\"\" srcset=\"https:\/\/ipt-fiber.pl\/wp-content\/uploads\/2021\/09\/news_karpacz-300x148.jpg 300w, https:\/\/ipt-fiber.pl\/wp-content\/uploads\/2021\/09\/news_karpacz-768x380.jpg 768w, https:\/\/ipt-fiber.pl\/wp-content\/uploads\/2021\/09\/news_karpacz.jpg 833w\" sizes=\"auto, (max-width: 300px) 100vw, 300px\" \/><\/div><a class=\"wp-block-latest-posts__post-title\" href=\"https:\/\/ipt-fiber.pl\/index.php\/2021\/09\/13\/forum-ekonomiczne-5g-to-powazne-infrastrukturalne-wyzwanie-w-ktorym-ipt-fiber-moze-pomoc\/\">Forum Ekonomiczne: 5G to powa\u017cne infrastrukturalne wyzwanie, w kt\u00f3rym IPT Fiber mo\u017ce pom\u00f3c<\/a><time datetime=\"2021-09-13T13:58:52+00:00\" class=\"wp-block-latest-posts__post-date\">13 wrze\u015bnia, 2021<\/time><div class=\"wp-block-latest-posts__post-excerpt\">Technologia 5G na \u015bwiecie szybko si\u0119 popularyzuje, co wymaga od operator\u00f3w podejmowania inwestycji w nowoczesn\u0105 infrastruktur\u0119, kt\u00f3ra b\u0119dzie w stanie&hellip;<\/div><\/li>\n<li><div class=\"wp-block-latest-posts__featured-image alignleft\"><img loading=\"lazy\" decoding=\"async\" width=\"300\" height=\"148\" src=\"https:\/\/ipt-fiber.pl\/wp-content\/uploads\/2021\/08\/newspl-300x148.jpg\" class=\"attachment-medium size-medium wp-post-image\" alt=\"\" style=\"\" srcset=\"https:\/\/ipt-fiber.pl\/wp-content\/uploads\/2021\/08\/newspl-300x148.jpg 300w, https:\/\/ipt-fiber.pl\/wp-content\/uploads\/2021\/08\/newspl-768x380.jpg 768w, https:\/\/ipt-fiber.pl\/wp-content\/uploads\/2021\/08\/newspl.jpg 833w\" sizes=\"auto, (max-width: 300px) 100vw, 300px\" \/><\/div><a class=\"wp-block-latest-posts__post-title\" href=\"https:\/\/ipt-fiber.pl\/index.php\/2021\/08\/11\/orange-przetestowal-siedmiordzeniowy-swiatlowod-uzyskujac-112-tb-s\/\">Orange przetestowa\u0142 siedmiordzeniowy \u015bwiat\u0142ow\u00f3d uzyskuj\u0105c 11,2 Tb\/s<\/a><time datetime=\"2021-08-11T10:02:48+00:00\" class=\"wp-block-latest-posts__post-date\">11 sierpnia, 2021<\/time><div class=\"wp-block-latest-posts__post-excerpt\">Orange Polska wraz z Infinera oraz grup\u0105 InPhoTech przeprowadzi\u0142 w swoim Laboratorium Innowacji testy innowacyjnych \u015bwiat\u0142owod\u00f3w wielordzeniowych i technologii Infinera&hellip;<\/div><\/li>\n<li><div class=\"wp-block-latest-posts__featured-image alignleft\"><img loading=\"lazy\" decoding=\"async\" width=\"300\" height=\"148\" src=\"https:\/\/ipt-fiber.pl\/wp-content\/uploads\/2021\/07\/news_lub-300x148.jpg\" class=\"attachment-medium size-medium wp-post-image\" alt=\"\" style=\"\" srcset=\"https:\/\/ipt-fiber.pl\/wp-content\/uploads\/2021\/07\/news_lub-300x148.jpg 300w, https:\/\/ipt-fiber.pl\/wp-content\/uploads\/2021\/07\/news_lub-768x380.jpg 768w, https:\/\/ipt-fiber.pl\/wp-content\/uploads\/2021\/07\/news_lub.jpg 833w\" sizes=\"auto, (max-width: 300px) 100vw, 300px\" \/><\/div><a class=\"wp-block-latest-posts__post-title\" href=\"https:\/\/ipt-fiber.pl\/index.php\/2021\/07\/26\/strategia-woj-lubelskiego-a-inwestycja-ipt-fiber\/\">Strategia woj. lubelskiego a inwestycja IPT Fiber<\/a><time datetime=\"2021-07-26T09:21:10+00:00\" class=\"wp-block-latest-posts__post-date\">26 lipca, 2021<\/time><div class=\"wp-block-latest-posts__post-excerpt\">\u201eLubelskie. Smakuj \u017cycie\u201d \u2013 to has\u0142o, pod jakim w ostatnich latach Urz\u0105d Marsza\u0142kowski Wojew\u00f3dztwa Lubelskiego promowa\u0142 region. Niew\u0105tpliwie Lubelszczyzna ma&hellip;<\/div><\/li>\n<li><div class=\"wp-block-latest-posts__featured-image alignleft\"><img loading=\"lazy\" decoding=\"async\" width=\"300\" height=\"148\" src=\"https:\/\/ipt-fiber.pl\/wp-content\/uploads\/2021\/04\/kwiton-300x148.jpg\" class=\"attachment-medium size-medium wp-post-image\" alt=\"\" style=\"\" srcset=\"https:\/\/ipt-fiber.pl\/wp-content\/uploads\/2021\/04\/kwiton-300x148.jpg 300w, https:\/\/ipt-fiber.pl\/wp-content\/uploads\/2021\/04\/kwiton-768x380.jpg 768w, https:\/\/ipt-fiber.pl\/wp-content\/uploads\/2021\/04\/kwiton.jpg 833w\" sizes=\"auto, (max-width: 300px) 100vw, 300px\" \/><\/div><a class=\"wp-block-latest-posts__post-title\" href=\"https:\/\/ipt-fiber.pl\/index.php\/2021\/04\/20\/nowy-prezes-ipt-fiber\/\">Nowy prezes IPT Fiber. Krzysztof Wito\u0144 pokieruje wdro\u017ceniem polskich \u015bwiat\u0142owod\u00f3w wielordzeniowych<\/a><time datetime=\"2021-04-20T10:23:33+00:00\" class=\"wp-block-latest-posts__post-date\">20 kwietnia, 2021<\/time><div class=\"wp-block-latest-posts__post-excerpt\">Krzysztof Wito\u0144, wielokrotnie nagradzany menad\u017cer oraz ekspert w dziedzinie sieci szerokopasmowych, stan\u0105\u0142 na czele IPT Fiber &#8211; sp\u00f3\u0142ki nale\u017c\u0105cej do&hellip;<\/div><\/li>\n<li><div class=\"wp-block-latest-posts__featured-image alignleft\"><img loading=\"lazy\" decoding=\"async\" width=\"300\" height=\"148\" src=\"https:\/\/ipt-fiber.pl\/wp-content\/uploads\/2021\/04\/lubartow-300x148.jpg\" class=\"attachment-medium size-medium wp-post-image\" alt=\"\" style=\"\" srcset=\"https:\/\/ipt-fiber.pl\/wp-content\/uploads\/2021\/04\/lubartow-300x148.jpg 300w, https:\/\/ipt-fiber.pl\/wp-content\/uploads\/2021\/04\/lubartow-768x380.jpg 768w, https:\/\/ipt-fiber.pl\/wp-content\/uploads\/2021\/04\/lubartow.jpg 833w\" sizes=\"auto, (max-width: 300px) 100vw, 300px\" \/><\/div><a class=\"wp-block-latest-posts__post-title\" href=\"https:\/\/ipt-fiber.pl\/index.php\/2021\/04\/02\/swiatlowody-nowej-generacji-beda-wytwarzane-na-lubelszczyznie\/\">\u015awiat\u0142owody nowej generacji b\u0119d\u0105 wytwarzane na Lubelszczy\u017anie. Sp\u00f3\u0142ka IPT Fiber inwestuje w Lubartowie<\/a><time datetime=\"2021-04-02T11:26:56+00:00\" class=\"wp-block-latest-posts__post-date\">2 kwietnia, 2021<\/time><div class=\"wp-block-latest-posts__post-excerpt\">Nale\u017c\u0105ca do grupy InPhoTech, sp\u00f3\u0142ka IPT Fiber, zbuduje w Lubartowie nowoczesne Centrum Badawczo-Rozwojowe. W \u015brod\u0119 31 marca akt notarialny podpisali&hellip;<\/div><\/li>\n<\/ul>","protected":false},"excerpt":{"rendered":"","protected":false},"author":2,"featured_media":0,"parent":0,"menu_order":0,"comment_status":"closed","ping_status":"closed","template":"","meta":{"footnotes":""},"class_list":["post-399","page","type-page","status-publish","hentry"],"_links":{"self":[{"href":"https:\/\/ipt-fiber.pl\/index.php\/wp-json\/wp\/v2\/pages\/399","targetHints":{"allow":["GET"]}}],"collection":[{"href":"https:\/\/ipt-fiber.pl\/index.php\/wp-json\/wp\/v2\/pages"}],"about":[{"href":"https:\/\/ipt-fiber.pl\/index.php\/wp-json\/wp\/v2\/types\/page"}],"author":[{"embeddable":true,"href":"https:\/\/ipt-fiber.pl\/index.php\/wp-json\/wp\/v2\/users\/2"}],"replies":[{"embeddable":true,"href":"https:\/\/ipt-fiber.pl\/index.php\/wp-json\/wp\/v2\/comments?post=399"}],"version-history":[{"count":7,"href":"https:\/\/ipt-fiber.pl\/index.php\/wp-json\/wp\/v2\/pages\/399\/revisions"}],"predecessor-version":[{"id":409,"href":"https:\/\/ipt-fiber.pl\/index.php\/wp-json\/wp\/v2\/pages\/399\/revisions\/409"}],"wp:attachment":[{"href":"https:\/\/ipt-fiber.pl\/index.php\/wp-json\/wp\/v2\/media?parent=399"}],"curies":[{"name":"wp","href":"https:\/\/api.w.org\/{rel}","templated":true}]}}